{"id":2111,"date":"2016-10-03T18:17:42","date_gmt":"2016-10-03T18:17:42","guid":{"rendered":"https:\/\/demo21.houzez.co\/?page_id=2111"},"modified":"2025-06-18T16:47:04","modified_gmt":"2025-06-18T16:47:04","slug":"contacto","status":"publish","type":"page","link":"https:\/\/losguereca.com\/es\/contact\/","title":{"rendered":"Contacto"},"content":{"rendered":"<div data-elementor-type=\"wp-post\" data-elementor-id=\"2111\" class=\"elementor elementor-2111\">\n\t\t\t\t\t\t<section class=\"elementor-section elementor-top-section elementor-element elementor-element-89f74f9 elementor-section-height-min-height elementor-section-boxed elementor-section-height-default elementor-section-items-middle\" data-id=\"89f74f9\" data-element_type=\"section\" data-e-type=\"section\" data-settings=\"{&quot;background_background&quot;:&quot;classic&quot;,&quot;animation&quot;:&quot;none&quot;}\">\n\t\t\t\t\t\t\t<div class=\"elementor-background-overlay\"><\/div>\n\t\t\t\t\t\t\t<div class=\"elementor-container elementor-column-gap-default\">\n\t\t\t\t\t<div class=\"elementor-column elementor-col-100 elementor-top-column elementor-element elementor-element-04302bc\" data-id=\"04302bc\" data-element_type=\"column\" data-e-type=\"column\">\n\t\t\t<div class=\"elementor-widget-wrap elementor-element-populated\">\n\t\t\t\t\t\t<div class=\"elementor-element elementor-element-21a0125 elementor-widget elementor-widget-heading\" data-id=\"21a0125\" data-element_type=\"widget\" data-e-type=\"widget\" data-widget_type=\"heading.default\">\n\t\t\t\t<div class=\"elementor-widget-container\">\n\t\t\t\t\t<h2 class=\"elementor-heading-title elementor-size-large\">Contacto<\/h2>\t\t\t\t<\/div>\n\t\t\t\t<\/div>\n\t\t\t\t\t<\/div>\n\t\t<\/div>\n\t\t\t\t\t<\/div>\n\t\t<\/section>\n\t\t\t\t<section class=\"elementor-section elementor-top-section elementor-element elementor-element-fa2bac5 elementor-section-boxed elementor-section-height-default elementor-section-height-default elementor-invisible\" data-id=\"fa2bac5\" data-element_type=\"section\" data-e-type=\"section\" data-settings=\"{&quot;animation&quot;:&quot;fadeIn&quot;,&quot;background_background&quot;:&quot;classic&quot;}\">\n\t\t\t\t\t\t<div class=\"elementor-container elementor-column-gap-no\">\n\t\t\t\t\t<div class=\"elementor-column elementor-col-100 elementor-top-column elementor-element elementor-element-3fbb1da\" data-id=\"3fbb1da\" data-element_type=\"column\" data-e-type=\"column\">\n\t\t\t<div class=\"elementor-widget-wrap elementor-element-populated\">\n\t\t\t\t\t\t<section class=\"elementor-section elementor-inner-section elementor-element elementor-element-e9033c5 elementor-section-full_width elementor-section-height-default elementor-section-height-default\" data-id=\"e9033c5\" data-element_type=\"section\" data-e-type=\"section\">\n\t\t\t\t\t\t<div class=\"elementor-container elementor-column-gap-default\">\n\t\t\t\t\t<div class=\"elementor-column elementor-col-33 elementor-inner-column elementor-element elementor-element-f5d59c4\" data-id=\"f5d59c4\" data-element_type=\"column\" data-e-type=\"column\">\n\t\t\t<div class=\"elementor-widget-wrap elementor-element-populated\">\n\t\t\t\t\t\t<div class=\"elementor-element elementor-element-18d2760 elementor-widget elementor-widget-houzez_elementor_space\" data-id=\"18d2760\" data-element_type=\"widget\" data-e-type=\"widget\" data-widget_type=\"houzez_elementor_space.default\">\n\t\t\t\t<div class=\"elementor-widget-container\">\n\t\t\t\t\t        <div class=\"houzez-spacer\">\n            <div class=\"houzez-spacer-inner\"><\/div>\n        <\/div>\n        \t\t\t\t<\/div>\n\t\t\t\t<\/div>\n\t\t\t\t<div class=\"elementor-element elementor-element-1732bc8 elementor-widget elementor-widget-heading\" data-id=\"1732bc8\" data-element_type=\"widget\" data-e-type=\"widget\" data-widget_type=\"heading.default\">\n\t\t\t\t<div class=\"elementor-widget-container\">\n\t\t\t\t\t<h3 class=\"elementor-heading-title elementor-size-large\">Env\u00edanos un mensaje<\/h3>\t\t\t\t<\/div>\n\t\t\t\t<\/div>\n\t\t\t\t<div class=\"elementor-element elementor-element-f570134 elementor-widget elementor-widget-text-editor\" data-id=\"f570134\" data-element_type=\"widget\" data-e-type=\"widget\" data-widget_type=\"text-editor.default\">\n\t\t\t\t<div class=\"elementor-widget-container\">\n\t\t\t\t\t\t\t\t\t<p class=\"\" data-start=\"110\" data-end=\"498\">\u00bfTienes preguntas o est\u00e1s listo para dar el siguiente paso? Estamos aqu\u00ed para ayudarte. En Los G\u00fcereca, tratamos cada conversaci\u00f3n con el mismo cuidado y honestidad que esperar\u00edamos para nuestra propia familia. Ya sea que est\u00e9s buscando comprar, invertir o simplemente explorar tus opciones en la Riviera Maya, nuestro equipo con licencia estar\u00e1 encantado de guiarte en cada paso. Solo m\u00e1ndanos un mensaje o ll\u00e1manos \u2014 estamos listos cuando t\u00fa lo est\u00e9s.<\/p>\t\t\t\t\t\t\t\t<\/div>\n\t\t\t\t<\/div>\n\t\t\t\t<div class=\"elementor-element elementor-element-690b587 elementor-button-align-stretch elementor-widget elementor-widget-houzez_elementor_contact_form\" data-id=\"690b587\" data-element_type=\"widget\" data-e-type=\"widget\" data-widget_type=\"houzez_elementor_contact_form.default\">\n\t\t\t\t<div class=\"elementor-widget-container\">\n\t\t\t\t\t\n        <script type=\"application\/javascript\">\n            jQuery(document).bind(\"ready\", function () {\n                houzezValidateElementor(\"#houzez-form-690b587\" );\n            });\n        <\/script>\n\n        <form class=\"elementor-form houzez-ele-form-js\" id=\"houzez-form-690b587\" method=\"post\" name=\"New Form\" action=\"https:\/\/losguereca.com\/wp-admin\/admin-ajax.php\">\n            <input type=\"hidden\" name=\"form_id\" value=\"690b587\"\/>\n            <input type=\"hidden\" name=\"houzez_contact_form\" value=\"yes\"\/>\n            <input type=\"hidden\" name=\"action\" value=\"houzez_ele_contact_form\" \/>\n            <input type=\"hidden\" name=\"source_link\" value=\"https:\/\/losguereca.com\/es\/contact\/\" \/>\n            <input type=\"hidden\" name=\"lead_page_id\" value=\"2111\" \/>\n            <input type=\"hidden\" name=\"webhook\" value=\"false\" \/>\n            <input type=\"hidden\" name=\"webhook_url\" value=\"\" \/>\n            <input type=\"hidden\" name=\"redirect_to\" value=\"\" \/>\n            <input type=\"hidden\" name=\"google_recaptcha\" value=\"false\" \/>\n            \n\n            <div class=\"elementor-form-fields-wrapper elementor-labels-above\">\n\n                                    <div class=\"elementor-field-group elementor-column form-group elementor-field-group-name elementor-col-50\">\n                    <label for=\"form-field-name\" class=\"elementor-field-label\">Nombre<\/label><input type=\"text\" name=\"first_name\" id=\"form-field-name\" class=\"elementor-field form-control elementor-size-md elementor-field-textual\" placeholder=\"Ingresa tu nombre(s)\" title=\"* Nombre\">                    <\/div>\n\n                                        <div class=\"elementor-field-group elementor-column form-group elementor-field-group-3ec3e06 elementor-col-50\">\n                    <label for=\"form-field-3ec3e06\" class=\"elementor-field-label\">Apellido<\/label><input type=\"text\" name=\"last_name\" id=\"form-field-3ec3e06\" class=\"elementor-field form-control elementor-size-md elementor-field-textual\" placeholder=\"Ingresa tu apellido(s)\" title=\"* Apellido\">                    <\/div>\n\n                                        <div class=\"elementor-field-group elementor-column form-group elementor-field-group-email elementor-col-50 elementor-field-required\">\n                    <label for=\"form-field-email\" class=\"elementor-field-label\">Correo Electr\u00f3nico<\/label><input type=\"email\" name=\"email\" id=\"form-field-email\" class=\"elementor-field form-control elementor-size-md elementor-field-textual\" placeholder=\"Ingresa tu correo electr\u00f3nico\" title=\"* Direcci\u00f3n de correo electr\u00f3nico\" required=\"required\">                    <\/div>\n\n                                        <div class=\"elementor-field-group elementor-column form-group elementor-field-group-4774b7d elementor-col-50\">\n                    <label for=\"form-field-4774b7d\" class=\"elementor-field-label\">N\u00famero de Tel\u00e9fono<\/label><input type=\"text\" name=\"mobile\" id=\"form-field-4774b7d\" class=\"elementor-field form-control elementor-size-md elementor-field-textual\" placeholder=\"Ingresa tu n\u00famero de tel\u00e9fono\" title=\"* N\u00famero de tel\u00e9fono\">                    <\/div>\n\n                                        <div class=\"elementor-field-group elementor-column form-group elementor-field-group-message elementor-col-100\">\n                    <label for=\"form-field-message\" class=\"elementor-field-label\">Mensaje<\/label><textarea class=\"elementor-field-textual elementor-field elementor-size-md\" name=\"message\" id=\"form-field-message\" rows=\"7\" placeholder=\"Mensaje\"><\/textarea>                    <\/div>\n\n                    \n                    \n                    \n                    <div class=\"elementor-field-group elementor-column elementor-field-type-submit elementor-col-100\">\n                    <button type=\"submit\" class=\"houzez-submit-button houzez-contact-form-js elementor-button elementor-size-lg\">\n                        <i class=\"btn-loader houzez-loader-js\"><\/i>\n                                                    Enviar                                            <\/button>\n                <\/div>\n            <\/div><!-- End wrapper-->\n            <br\/>\n            <div class=\"ele-form-messages\"><\/div>\n            <div class=\"error-container\"><\/div>\n\n        <\/form>\n\n    \t\t\t\t<\/div>\n\t\t\t\t<\/div>\n\t\t\t\t<div class=\"elementor-element elementor-element-5ea7778 elementor-widget elementor-widget-spacer\" data-id=\"5ea7778\" data-element_type=\"widget\" data-e-type=\"widget\" data-widget_type=\"spacer.default\">\n\t\t\t\t<div class=\"elementor-widget-container\">\n\t\t\t\t\t\t\t<div class=\"elementor-spacer\">\n\t\t\t<div class=\"elementor-spacer-inner\"><\/div>\n\t\t<\/div>\n\t\t\t\t\t\t<\/div>\n\t\t\t\t<\/div>\n\t\t\t\t\t<\/div>\n\t\t<\/div>\n\t\t\t\t<div class=\"elementor-column elementor-col-33 elementor-inner-column elementor-element elementor-element-78984e5\" data-id=\"78984e5\" data-element_type=\"column\" data-e-type=\"column\">\n\t\t\t<div class=\"elementor-widget-wrap\">\n\t\t\t\t\t\t\t<\/div>\n\t\t<\/div>\n\t\t\t\t<div class=\"elementor-column elementor-col-33 elementor-inner-column elementor-element elementor-element-c515cb8\" data-id=\"c515cb8\" data-element_type=\"column\" data-e-type=\"column\">\n\t\t\t<div class=\"elementor-widget-wrap elementor-element-populated\">\n\t\t\t\t\t\t<div class=\"elementor-element elementor-element-f832e58 elementor-widget elementor-widget-houzez_elementor_space\" data-id=\"f832e58\" data-element_type=\"widget\" data-e-type=\"widget\" data-widget_type=\"houzez_elementor_space.default\">\n\t\t\t\t<div class=\"elementor-widget-container\">\n\t\t\t\t\t        <div class=\"houzez-spacer\">\n            <div class=\"houzez-spacer-inner\"><\/div>\n        <\/div>\n        \t\t\t\t<\/div>\n\t\t\t\t<\/div>\n\t\t\t\t<div class=\"elementor-element elementor-element-8fef773 elementor-align-center elementor-list-item-link-inline elementor-widget__width-inherit elementor-icon-list--layout-traditional elementor-widget elementor-widget-icon-list\" data-id=\"8fef773\" data-element_type=\"widget\" data-e-type=\"widget\" data-widget_type=\"icon-list.default\">\n\t\t\t\t<div class=\"elementor-widget-container\">\n\t\t\t\t\t\t\t<ul class=\"elementor-icon-list-items\">\n\t\t\t\t\t\t\t<li class=\"elementor-icon-list-item\">\n\t\t\t\t\t\t\t\t\t\t\t<a href=\"tel:+528180295298\">\n\n\t\t\t\t\t\t\t\t\t\t\t<span class=\"elementor-icon-list-text\">Ll\u00e1manos al<strong>+52 81 8029 5298<\/strong><\/span>\n\t\t\t\t\t\t\t\t\t\t\t<\/a>\n\t\t\t\t\t\t\t\t\t<\/li>\n\t\t\t\t\t\t<\/ul>\n\t\t\t\t\t\t<\/div>\n\t\t\t\t<\/div>\n\t\t\t\t<div class=\"elementor-element elementor-element-066dddc elementor-widget elementor-widget-google_maps\" data-id=\"066dddc\" data-element_type=\"widget\" data-e-type=\"widget\" data-widget_type=\"google_maps.default\">\n\t\t\t\t<div class=\"elementor-widget-container\">\n\t\t\t\t\t\t\t<div class=\"elementor-custom-embed\">\n\t\t\t<iframe loading=\"lazy\"\n\t\t\t\t\tsrc=\"https:\/\/maps.google.com\/maps?q=Av.%20Bosques%20de%20Cristo%20Rey%2C%20Ciudad%20Mayakoba%2C%2077724%20Playa%20del%20Carmen%2C%20Q.R.&#038;t=m&#038;z=15&#038;output=embed&#038;iwloc=near\"\n\t\t\t\t\ttitle=\"Av. Bosques de Cristo Rey, Ciudad Mayakoba, 77724 Playa del Carmen, Q.R.\"\n\t\t\t\t\taria-label=\"Av. Bosques de Cristo Rey, Ciudad Mayakoba, 77724 Playa del Carmen, Q.R.\"\n\t\t\t><\/iframe>\n\t\t<\/div>\n\t\t\t\t\t\t<\/div>\n\t\t\t\t<\/div>\n\t\t\t\t<div class=\"elementor-element elementor-element-12875a5 elementor-widget elementor-widget-text-editor\" data-id=\"12875a5\" data-element_type=\"widget\" data-e-type=\"widget\" data-widget_type=\"text-editor.default\">\n\t\t\t\t<div class=\"elementor-widget-container\">\n\t\t\t\t\t\t\t\t\t<p><strong>Top Inversiones Inmobiliarias<br \/><\/strong>Av. Bosques de Cristo Rey, Ciudad Mayakoba, 77724 Playa del Carmen, Q.R.<\/p><p class=\"padding-top\"><strong>Mauricio Guereca<\/strong><br \/>+52 81 8029 5298<br \/>mauricio@topinvestments.mx<\/p><p><strong>Gabriela Guereca<\/strong><br \/>+52 81 8252 3631<br \/>gabrielagzz@topinvestments.mx<\/p>\t\t\t\t\t\t\t\t<\/div>\n\t\t\t\t<\/div>\n\t\t\t\t\t<\/div>\n\t\t<\/div>\n\t\t\t\t\t<\/div>\n\t\t<\/section>\n\t\t\t\t\t<\/div>\n\t\t<\/div>\n\t\t\t\t\t<\/div>\n\t\t<\/section>\n\t\t\t\t<\/div>","protected":false},"excerpt":{"rendered":"<p>Contact Send us a message Have questions or ready to take the next step? We\u2019re here to help. At Los G\u00fcereca, we treat every conversation with the care and honesty we\u2019d expect for our own family. Whether you&#8217;re looking to buy, invest, or simply explore your options in the Riviera Maya, our licensed team is [&hellip;]<\/p>\n","protected":false},"author":1,"featured_media":0,"parent":0,"menu_order":0,"comment_status":"closed","ping_status":"closed","template":"elementor_header_footer","meta":{"_monsterinsights_skip_tracking":false,"_monsterinsights_sitenote_active":false,"_monsterinsights_sitenote_note":"","_monsterinsights_sitenote_category":0,"footnotes":""},"class_list":["post-2111","page","type-page","status-publish","hentry"],"yoast_head":"<!-- This site is optimized with the Yoast SEO plugin v27.1.1 - https:\/\/yoast.com\/product\/yoast-seo-wordpress\/ -->\n<title>Contact - Los G\u00fcereca<\/title>\n<meta name=\"description\" content=\"Contact Los G\u00fcereca for expert real estate guidance, honest advice, and trusted support in the Riviera Maya.\" \/>\n<meta name=\"robots\" content=\"index, follow, max-snippet:-1, max-image-preview:large, max-video-preview:-1\" \/>\n<link rel=\"canonical\" href=\"https:\/\/losguereca.com\/es\/contacto\/\" \/>\n<meta property=\"og:locale\" content=\"es_MX\" \/>\n<meta property=\"og:type\" content=\"article\" \/>\n<meta property=\"og:title\" content=\"Contact - Los G\u00fcereca\" \/>\n<meta property=\"og:description\" content=\"Contact Los G\u00fcereca for expert real estate guidance, honest advice, and trusted support in the Riviera Maya.\" \/>\n<meta property=\"og:url\" content=\"https:\/\/losguereca.com\/es\/contacto\/\" \/>\n<meta property=\"og:site_name\" content=\"Los G\u00fcereca\" \/>\n<meta property=\"article:publisher\" content=\"https:\/\/www.facebook.com\/p\/Los-Guereca-100090658633391\/\" \/>\n<meta property=\"article:modified_time\" content=\"2025-06-18T16:47:04+00:00\" \/>\n<meta name=\"twitter:card\" content=\"summary_large_image\" \/>\n<meta name=\"twitter:label1\" content=\"Tiempo de lectura\" \/>\n\t<meta name=\"twitter:data1\" content=\"1 minuto\" \/>\n<script type=\"application\/ld+json\" class=\"yoast-schema-graph\">{\"@context\":\"https:\/\/schema.org\",\"@graph\":[{\"@type\":\"WebPage\",\"@id\":\"https:\/\/losguereca.com\/contact\/\",\"url\":\"https:\/\/losguereca.com\/contact\/\",\"name\":\"Contact - Los G\u00fcereca\",\"isPartOf\":{\"@id\":\"https:\/\/losguereca.com\/#website\"},\"datePublished\":\"2016-10-03T18:17:42+00:00\",\"dateModified\":\"2025-06-18T16:47:04+00:00\",\"description\":\"Contact Los G\u00fcereca for expert real estate guidance, honest advice, and trusted support in the Riviera Maya.\",\"breadcrumb\":{\"@id\":\"https:\/\/losguereca.com\/contact\/#breadcrumb\"},\"inLanguage\":\"es\",\"potentialAction\":[{\"@type\":\"ReadAction\",\"target\":[\"https:\/\/losguereca.com\/contact\/\"]}]},{\"@type\":\"BreadcrumbList\",\"@id\":\"https:\/\/losguereca.com\/contact\/#breadcrumb\",\"itemListElement\":[{\"@type\":\"ListItem\",\"position\":1,\"name\":\"Home\",\"item\":\"https:\/\/losguereca.com\/\"},{\"@type\":\"ListItem\",\"position\":2,\"name\":\"Contact\"}]},{\"@type\":\"WebSite\",\"@id\":\"https:\/\/losguereca.com\/#website\",\"url\":\"https:\/\/losguereca.com\/\",\"name\":\"Los G\u00fcereca\",\"description\":\"Riviera Maya Real Estate\",\"publisher\":{\"@id\":\"https:\/\/losguereca.com\/#organization\"},\"potentialAction\":[{\"@type\":\"SearchAction\",\"target\":{\"@type\":\"EntryPoint\",\"urlTemplate\":\"https:\/\/losguereca.com\/?s={search_term_string}\"},\"query-input\":{\"@type\":\"PropertyValueSpecification\",\"valueRequired\":true,\"valueName\":\"search_term_string\"}}],\"inLanguage\":\"es\"},{\"@type\":\"Organization\",\"@id\":\"https:\/\/losguereca.com\/#organization\",\"name\":\"Los G\u00fcereca\",\"url\":\"https:\/\/losguereca.com\/\",\"logo\":{\"@type\":\"ImageObject\",\"inLanguage\":\"es\",\"@id\":\"https:\/\/losguereca.com\/#\/schema\/logo\/image\/\",\"url\":\"https:\/\/losguereca.com\/wp-content\/uploads\/2025\/05\/logo-guereca-1.png\",\"contentUrl\":\"https:\/\/losguereca.com\/wp-content\/uploads\/2025\/05\/logo-guereca-1.png\",\"width\":450,\"height\":148,\"caption\":\"Los G\u00fcereca\"},\"image\":{\"@id\":\"https:\/\/losguereca.com\/#\/schema\/logo\/image\/\"},\"sameAs\":[\"https:\/\/www.facebook.com\/p\/Los-Guereca-100090658633391\/\",\"https:\/\/www.tiktok.com\/@los_guereca\",\"https:\/\/www.instagram.com\/los_guereca\/\",\"https:\/\/www.youtube.com\/@LosGuereca\"]}]}<\/script>\n<!-- \/ Yoast SEO plugin. -->","yoast_head_json":{"title":"Contacto - Los G\u00fcereca","description":"Contacta a Los G\u00fcereca para obtener asesor\u00eda experta en bienes ra\u00edces, consejos honestos y apoyo confiable en la Riviera Maya.","robots":{"index":"index","follow":"follow","max-snippet":"max-snippet:-1","max-image-preview":"max-image-preview:large","max-video-preview":"max-video-preview:-1"},"canonical":"https:\/\/losguereca.com\/es\/contacto\/","og_locale":"es_MX","og_type":"article","og_title":"Contact - Los G\u00fcereca","og_description":"Contact Los G\u00fcereca for expert real estate guidance, honest advice, and trusted support in the Riviera Maya.","og_url":"https:\/\/losguereca.com\/es\/contacto\/","og_site_name":"Los G\u00fcereca","article_publisher":"https:\/\/www.facebook.com\/p\/Los-Guereca-100090658633391\/","article_modified_time":"2025-06-18T16:47:04+00:00","twitter_card":"summary_large_image","twitter_misc":{"Tiempo de lectura":"1 minuto"},"schema":{"@context":"https:\/\/schema.org","@graph":[{"@type":"WebPage","@id":"https:\/\/losguereca.com\/contact\/","url":"https:\/\/losguereca.com\/contact\/","name":"Contacto - Los G\u00fcereca","isPartOf":{"@id":"https:\/\/losguereca.com\/#website"},"datePublished":"2016-10-03T18:17:42+00:00","dateModified":"2025-06-18T16:47:04+00:00","description":"Contacta a Los G\u00fcereca para obtener asesor\u00eda experta en bienes ra\u00edces, consejos honestos y apoyo confiable en la Riviera Maya.","breadcrumb":{"@id":"https:\/\/losguereca.com\/contact\/#breadcrumb"},"inLanguage":"es","potentialAction":[{"@type":"ReadAction","target":["https:\/\/losguereca.com\/contact\/"]}]},{"@type":"BreadcrumbList","@id":"https:\/\/losguereca.com\/contact\/#breadcrumb","itemListElement":[{"@type":"ListItem","position":1,"name":"Home","item":"https:\/\/losguereca.com\/"},{"@type":"ListItem","position":2,"name":"Contact"}]},{"@type":"WebSite","@id":"https:\/\/losguereca.com\/#website","url":"https:\/\/losguereca.com\/","name":"Los G\u00fcereca","description":"Riviera Maya Bienes Ra\u00edces","publisher":{"@id":"https:\/\/losguereca.com\/#organization"},"potentialAction":[{"@type":"SearchAction","target":{"@type":"EntryPoint","urlTemplate":"https:\/\/losguereca.com\/?s={search_term_string}"},"query-input":{"@type":"PropertyValueSpecification","valueRequired":true,"valueName":"search_term_string"}}],"inLanguage":"es"},{"@type":"Organization","@id":"https:\/\/losguereca.com\/#organization","name":"Los G\u00fcereca","url":"https:\/\/losguereca.com\/","logo":{"@type":"ImageObject","inLanguage":"es","@id":"https:\/\/losguereca.com\/#\/schema\/logo\/image\/","url":"https:\/\/losguereca.com\/wp-content\/uploads\/2025\/05\/logo-guereca-1.png","contentUrl":"https:\/\/losguereca.com\/wp-content\/uploads\/2025\/05\/logo-guereca-1.png","width":450,"height":148,"caption":"Los G\u00fcereca"},"image":{"@id":"https:\/\/losguereca.com\/#\/schema\/logo\/image\/"},"sameAs":["https:\/\/www.facebook.com\/p\/Los-Guereca-100090658633391\/","https:\/\/www.tiktok.com\/@los_guereca","https:\/\/www.instagram.com\/los_guereca\/","https:\/\/www.youtube.com\/@LosGuereca"]}]}},"_links":{"self":[{"href":"https:\/\/losguereca.com\/es\/wp-json\/wp\/v2\/pages\/2111","targetHints":{"allow":["GET"]}}],"collection":[{"href":"https:\/\/losguereca.com\/es\/wp-json\/wp\/v2\/pages"}],"about":[{"href":"https:\/\/losguereca.com\/es\/wp-json\/wp\/v2\/types\/page"}],"author":[{"embeddable":true,"href":"https:\/\/losguereca.com\/es\/wp-json\/wp\/v2\/users\/1"}],"replies":[{"embeddable":true,"href":"https:\/\/losguereca.com\/es\/wp-json\/wp\/v2\/comments?post=2111"}],"version-history":[{"count":28,"href":"https:\/\/losguereca.com\/es\/wp-json\/wp\/v2\/pages\/2111\/revisions"}],"predecessor-version":[{"id":3816,"href":"https:\/\/losguereca.com\/es\/wp-json\/wp\/v2\/pages\/2111\/revisions\/3816"}],"wp:attachment":[{"href":"https:\/\/losguereca.com\/es\/wp-json\/wp\/v2\/media?parent=2111"}],"curies":[{"name":"wp","href":"https:\/\/api.w.org\/{rel}","templated":true}]}}